{"id":216,"date":"2023-09-26T21:45:28","date_gmt":"2023-09-26T21:45:28","guid":{"rendered":"https:\/\/sezerercan.com.tr\/?page_id=216"},"modified":"2023-09-27T09:56:36","modified_gmt":"2023-09-27T09:56:36","slug":"uber-mich","status":"publish","type":"page","link":"https:\/\/sezerercan.com.tr\/?page_id=216&lang=de","title":{"rendered":"\u00dcber mich"},"content":{"rendered":"\t\t<div data-elementor-type=\"wp-page\" data-elementor-id=\"216\" class=\"elementor elementor-216\">\n\t\t\t\t\t\t\t\t\t<section class=\"elementor-section elementor-top-section elementor-element elementor-element-39574f45 elementor-section-height-min-height elementor-section-boxed elementor-section-height-default elementor-section-items-middle\" data-id=\"39574f45\" data-element_type=\"section\" data-settings=\"{&quot;background_background&quot;:&quot;classic&quot;}\">\n\t\t\t\t\t\t\t<div class=\"elementor-background-overlay\"><\/div>\n\t\t\t\t\t\t\t<div class=\"elementor-container elementor-column-gap-default\">\n\t\t\t\t\t<div class=\"elementor-column elementor-col-100 elementor-top-column elementor-element elementor-element-1fb31c0c\" data-id=\"1fb31c0c\" data-element_type=\"column\">\n\t\t\t<div class=\"elementor-widget-wrap elementor-element-populated\">\n\t\t\t\t\t\t\t\t<div class=\"elementor-element elementor-element-dccaa8f elementor-widget elementor-widget-heading\" data-id=\"dccaa8f\" data-element_type=\"widget\" data-widget_type=\"heading.default\">\n\t\t\t\t<div class=\"elementor-widget-container\">\n\t\t\t<style>\/*! elementor - v3.16.0 - 20-09-2023 *\/\n.elementor-heading-title{padding:0;margin:0;line-height:1}.elementor-widget-heading .elementor-heading-title[class*=elementor-size-]>a{color:inherit;font-size:inherit;line-height:inherit}.elementor-widget-heading .elementor-heading-title.elementor-size-small{font-size:15px}.elementor-widget-heading .elementor-heading-title.elementor-size-medium{font-size:19px}.elementor-widget-heading .elementor-heading-title.elementor-size-large{font-size:29px}.elementor-widget-heading .elementor-heading-title.elementor-size-xl{font-size:39px}.elementor-widget-heading .elementor-heading-title.elementor-size-xxl{font-size:59px}<\/style><h1 class=\"elementor-heading-title elementor-size-default\">\u00dcber mich<\/h1>\t\t<\/div>\n\t\t\t\t<\/div>\n\t\t\t\t\t<\/div>\n\t\t<\/div>\n\t\t\t\t\t\t\t<\/div>\n\t\t<\/section>\n\t\t<div class=\"elementor-element elementor-element-14353994 e-flex e-con-boxed e-con e-parent\" data-id=\"14353994\" data-element_type=\"container\" data-settings=\"{&quot;content_width&quot;:&quot;boxed&quot;}\" data-core-v316-plus=\"true\">\n\t\t\t\t\t<div class=\"e-con-inner\">\n\t\t\t\t<div class=\"elementor-element elementor-element-570ca9de elementor-widget elementor-widget-spacer\" data-id=\"570ca9de\" data-element_type=\"widget\" data-widget_type=\"spacer.default\">\n\t\t\t\t<div class=\"elementor-widget-container\">\n\t\t\t<style>\/*! elementor - v3.16.0 - 20-09-2023 *\/\n.elementor-column .elementor-spacer-inner{height:var(--spacer-size)}.e-con{--container-widget-width:100%}.e-con-inner>.elementor-widget-spacer,.e-con>.elementor-widget-spacer{width:var(--container-widget-width,var(--spacer-size));--align-self:var(--container-widget-align-self,initial);--flex-shrink:0}.e-con-inner>.elementor-widget-spacer>.elementor-widget-container,.e-con>.elementor-widget-spacer>.elementor-widget-container{height:100%;width:100%}.e-con-inner>.elementor-widget-spacer>.elementor-widget-container>.elementor-spacer,.e-con>.elementor-widget-spacer>.elementor-widget-container>.elementor-spacer{height:100%}.e-con-inner>.elementor-widget-spacer>.elementor-widget-container>.elementor-spacer>.elementor-spacer-inner,.e-con>.elementor-widget-spacer>.elementor-widget-container>.elementor-spacer>.elementor-spacer-inner{height:var(--container-widget-height,var(--spacer-size))}.e-con-inner>.elementor-widget-spacer.elementor-widget-empty,.e-con>.elementor-widget-spacer.elementor-widget-empty{position:relative;min-height:22px;min-width:22px}.e-con-inner>.elementor-widget-spacer.elementor-widget-empty .elementor-widget-empty-icon,.e-con>.elementor-widget-spacer.elementor-widget-empty .elementor-widget-empty-icon{position:absolute;top:0;bottom:0;left:0;right:0;margin:auto;padding:0;width:22px;height:22px}<\/style>\t\t<div class=\"elementor-spacer\">\n\t\t\t<div class=\"elementor-spacer-inner\"><\/div>\n\t\t<\/div>\n\t\t\t\t<\/div>\n\t\t\t\t<\/div>\n\t\t\t\t\t<\/div>\n\t\t\t\t<\/div>\n\t\t<div class=\"elementor-element elementor-element-543d1ca4 e-flex e-con-boxed e-con e-parent\" data-id=\"543d1ca4\" data-element_type=\"container\" data-settings=\"{&quot;content_width&quot;:&quot;boxed&quot;}\" data-core-v316-plus=\"true\">\n\t\t\t\t\t<div class=\"e-con-inner\">\n\t\t\t\t<div class=\"elementor-element elementor-element-7b68a4c3 elementor-widget elementor-widget-text-editor\" data-id=\"7b68a4c3\" data-element_type=\"widget\" data-widget_type=\"text-editor.default\">\n\t\t\t\t<div class=\"elementor-widget-container\">\n\t\t\t<style>\/*! elementor - v3.16.0 - 20-09-2023 *\/\n.elementor-widget-text-editor.elementor-drop-cap-view-stacked .elementor-drop-cap{background-color:#69727d;color:#fff}.elementor-widget-text-editor.elementor-drop-cap-view-framed .elementor-drop-cap{color:#69727d;border:3px solid;background-color:transparent}.elementor-widget-text-editor:not(.elementor-drop-cap-view-default) .elementor-drop-cap{margin-top:8px}.elementor-widget-text-editor:not(.elementor-drop-cap-view-default) .elementor-drop-cap-letter{width:1em;height:1em}.elementor-widget-text-editor .elementor-drop-cap{float:left;text-align:center;line-height:1;font-size:50px}.elementor-widget-text-editor .elementor-drop-cap-letter{display:inline-block}<\/style>\t\t\t\t<p>Hallo, ich bin Sezer Ercan<\/p><p>Mit meiner langj\u00e4hrigen Erfahrung als IT-Beauftragter biete ich professionelle Unterst\u00fctzung in allen Belangen der IT-Welt. Ich m\u00f6chte mich und meinen Werdegang kurz vorstellen.<\/p><p>Ich habe meine Ausbildung an der F\u0131nd\u0131kl\u0131 Rotary Primary and Secondary School begonnen und an der \u015ei\u015fli Industrial Vocational High School fortgesetzt. Zwischen 2020 und 2022 habe ich das Computer Programming Associate Degree Programm an der Atat\u00fcrk Universit\u00e4t erfolgreich abgeschlossen. Meine Ausbildung hat mein Interesse an Computertechnologien weiter verst\u00e4rkt und den Grundstein f\u00fcr meine Karriere gelegt.<\/p><p>Im Laufe meiner Karriere habe ich in verschiedenen Positionen gearbeitet und eine Vielzahl von F\u00e4higkeiten erworben: Helpdesk-Dienste, Installation von Cloud- und NAS-Backup-Diensten, Website-Erstellung, Firewall-Management. Au\u00dferdem verf\u00fcge ich \u00fcber Fachwissen in den Bereichen Grafikdesign, Windows- und Office-Kenntnisse, Hosting-Management, Installation und Reparatur von Computern und anderen Peripherieger\u00e4ten.<\/p><p>Mein zuk\u00fcnftiges Ziel ist es, weitere Erfahrungen im IT-Sektor zu sammeln und in allen Phasen der technischen Unterst\u00fctzung eines Unternehmens mitzuwirken. Eine meiner gr\u00f6\u00dften Errungenschaften in meiner Laufbahn ist meine F\u00e4higkeit, komplexe technische Probleme zu analysieren und sie mit Hilfe von Allgemeinwissen und Logik zu l\u00f6sen, indem ich die richtigen Fragen stelle.<\/p><p>Ich verpflichte mich gegen\u00fcber meinen Arbeitgebern, schnelle und effektive L\u00f6sungen f\u00fcr jedes Problem in meinem Bereich zu finden. Meine Erfahrung und meine unterschiedlichen Perspektiven helfen mir, logische L\u00f6sungen zu finden, und ich verpflichte mich zu regelm\u00e4\u00dfigen Kontrollen, um sicherzustellen, dass die Systeme reibungslos funktionieren.<\/p><p>Zu meinen pers\u00f6nlichen Zielen geh\u00f6rt es, ein freieres Arbeitsumfeld zu schaffen und sowohl mich als auch die Organisation, f\u00fcr die ich arbeite, robuster und erfahrener zu machen. Zu meinen beruflichen Zielen geh\u00f6rt es, die Verantwortung f\u00fcr ein IT-Team zu \u00fcbernehmen.<\/p><p>Mein Arbeitsansatz basiert auf einem logischen Sicherungssystem mit abgestuften Folgema\u00dfnahmen, und ich wende diese Prinzipien h\u00e4ufig in meinem Arbeitsleben an.<\/p><p>Zu meinen pers\u00f6nlichen Interessen geh\u00f6ren Automobile und technische Ger\u00e4te. Diese Interessen geben mir die M\u00f6glichkeit, meine Motivation und Energie in meiner Freizeit zu steigern.<\/p><p>Ich freue mich darauf, Ihnen meine Erfahrung und mein Know-how in der IT-Welt zur Verf\u00fcgung zu stellen. Bitte kontaktieren Sie mich f\u00fcr weitere Informationen oder eine Zusammenarbeit.<\/p><p><strong>Sezer Ercan<\/strong><\/p>\t\t\t\t\t\t<\/div>\n\t\t\t\t<\/div>\n\t\t\t\t\t<\/div>\n\t\t\t\t<\/div>\n\t\t\t\t\t\t\t<\/div>\n\t\t","protected":false},"excerpt":{"rendered":"<p>\u00dcber mich Hallo, ich bin Sezer Ercan Mit meiner langj\u00e4hrigen Erfahrung als IT-Beauftragter biete ich professionelle Unterst\u00fctzung in allen Belangen der IT-Welt. Ich m\u00f6chte mich und meinen Werdegang kurz vorstellen. Ich habe meine Ausbildung an der F\u0131nd\u0131kl\u0131 Rotary Primary and Secondary School begonnen und an der \u015ei\u015fli Industrial Vocational High School fortgesetzt. Zwischen 2020 und [&hellip;]<\/p>\n","protected":false},"author":1,"featured_media":0,"parent":0,"menu_order":0,"comment_status":"closed","ping_status":"closed","template":"","meta":{"footnotes":""},"class_list":["post-216","page","type-page","status-publish","hentry"],"_links":{"self":[{"href":"https:\/\/sezerercan.com.tr\/index.php?rest_route=\/wp\/v2\/pages\/216","targetHints":{"allow":["GET"]}}],"collection":[{"href":"https:\/\/sezerercan.com.tr\/index.php?rest_route=\/wp\/v2\/pages"}],"about":[{"href":"https:\/\/sezerercan.com.tr\/index.php?rest_route=\/wp\/v2\/types\/page"}],"author":[{"embeddable":true,"href":"https:\/\/sezerercan.com.tr\/index.php?rest_route=\/wp\/v2\/users\/1"}],"replies":[{"embeddable":true,"href":"https:\/\/sezerercan.com.tr\/index.php?rest_route=%2Fwp%2Fv2%2Fcomments&post=216"}],"version-history":[{"count":13,"href":"https:\/\/sezerercan.com.tr\/index.php?rest_route=\/wp\/v2\/pages\/216\/revisions"}],"predecessor-version":[{"id":298,"href":"https:\/\/sezerercan.com.tr\/index.php?rest_route=\/wp\/v2\/pages\/216\/revisions\/298"}],"wp:attachment":[{"href":"https:\/\/sezerercan.com.tr\/index.php?rest_route=%2Fwp%2Fv2%2Fmedia&parent=216"}],"curies":[{"name":"wp","href":"https:\/\/api.w.org\/{rel}","templated":true}]}}