{"id":35,"date":"2023-09-21T19:15:08","date_gmt":"2023-09-21T19:15:08","guid":{"rendered":"https:\/\/sezerercan.com.tr\/index.php\/about-me\/"},"modified":"2023-09-26T21:03:38","modified_gmt":"2023-09-26T21:03:38","slug":"about-me","status":"publish","type":"page","link":"https:\/\/sezerercan.com.tr\/?page_id=35","title":{"rendered":"Hakk\u0131mda"},"content":{"rendered":"\t\t<div data-elementor-type=\"wp-page\" data-elementor-id=\"35\" class=\"elementor elementor-35\">\n\t\t\t\t\t\t\t\t\t<section class=\"elementor-section elementor-top-section elementor-element elementor-element-d800e93 elementor-section-height-min-height elementor-section-boxed elementor-section-height-default elementor-section-items-middle\" data-id=\"d800e93\" data-element_type=\"section\" data-settings=\"{&quot;background_background&quot;:&quot;classic&quot;}\">\n\t\t\t\t\t\t\t<div class=\"elementor-background-overlay\"><\/div>\n\t\t\t\t\t\t\t<div class=\"elementor-container elementor-column-gap-default\">\n\t\t\t\t\t<div class=\"elementor-column elementor-col-100 elementor-top-column elementor-element elementor-element-3d7b20ed\" data-id=\"3d7b20ed\" data-element_type=\"column\">\n\t\t\t<div class=\"elementor-widget-wrap elementor-element-populated\">\n\t\t\t\t\t\t\t\t<div class=\"elementor-element elementor-element-6b291a03 elementor-widget elementor-widget-heading\" data-id=\"6b291a03\" data-element_type=\"widget\" data-widget_type=\"heading.default\">\n\t\t\t\t<div class=\"elementor-widget-container\">\n\t\t\t<style>\/*! elementor - v3.16.0 - 20-09-2023 *\/\n.elementor-heading-title{padding:0;margin:0;line-height:1}.elementor-widget-heading .elementor-heading-title[class*=elementor-size-]>a{color:inherit;font-size:inherit;line-height:inherit}.elementor-widget-heading .elementor-heading-title.elementor-size-small{font-size:15px}.elementor-widget-heading .elementor-heading-title.elementor-size-medium{font-size:19px}.elementor-widget-heading .elementor-heading-title.elementor-size-large{font-size:29px}.elementor-widget-heading .elementor-heading-title.elementor-size-xl{font-size:39px}.elementor-widget-heading .elementor-heading-title.elementor-size-xxl{font-size:59px}<\/style><h1 class=\"elementor-heading-title elementor-size-default\">Hakk\u0131mda<\/h1>\t\t<\/div>\n\t\t\t\t<\/div>\n\t\t\t\t\t<\/div>\n\t\t<\/div>\n\t\t\t\t\t\t\t<\/div>\n\t\t<\/section>\n\t\t<div class=\"elementor-element elementor-element-0456b83 e-flex e-con-boxed e-con e-parent\" data-id=\"0456b83\" data-element_type=\"container\" data-settings=\"{&quot;content_width&quot;:&quot;boxed&quot;}\" data-core-v316-plus=\"true\">\n\t\t\t\t\t<div class=\"e-con-inner\">\n\t\t\t\t<div class=\"elementor-element elementor-element-f76397a elementor-widget elementor-widget-spacer\" data-id=\"f76397a\" data-element_type=\"widget\" data-widget_type=\"spacer.default\">\n\t\t\t\t<div class=\"elementor-widget-container\">\n\t\t\t<style>\/*! elementor - v3.16.0 - 20-09-2023 *\/\n.elementor-column .elementor-spacer-inner{height:var(--spacer-size)}.e-con{--container-widget-width:100%}.e-con-inner>.elementor-widget-spacer,.e-con>.elementor-widget-spacer{width:var(--container-widget-width,var(--spacer-size));--align-self:var(--container-widget-align-self,initial);--flex-shrink:0}.e-con-inner>.elementor-widget-spacer>.elementor-widget-container,.e-con>.elementor-widget-spacer>.elementor-widget-container{height:100%;width:100%}.e-con-inner>.elementor-widget-spacer>.elementor-widget-container>.elementor-spacer,.e-con>.elementor-widget-spacer>.elementor-widget-container>.elementor-spacer{height:100%}.e-con-inner>.elementor-widget-spacer>.elementor-widget-container>.elementor-spacer>.elementor-spacer-inner,.e-con>.elementor-widget-spacer>.elementor-widget-container>.elementor-spacer>.elementor-spacer-inner{height:var(--container-widget-height,var(--spacer-size))}.e-con-inner>.elementor-widget-spacer.elementor-widget-empty,.e-con>.elementor-widget-spacer.elementor-widget-empty{position:relative;min-height:22px;min-width:22px}.e-con-inner>.elementor-widget-spacer.elementor-widget-empty .elementor-widget-empty-icon,.e-con>.elementor-widget-spacer.elementor-widget-empty .elementor-widget-empty-icon{position:absolute;top:0;bottom:0;left:0;right:0;margin:auto;padding:0;width:22px;height:22px}<\/style>\t\t<div class=\"elementor-spacer\">\n\t\t\t<div class=\"elementor-spacer-inner\"><\/div>\n\t\t<\/div>\n\t\t\t\t<\/div>\n\t\t\t\t<\/div>\n\t\t\t\t\t<\/div>\n\t\t\t\t<\/div>\n\t\t<div class=\"elementor-element elementor-element-a7365ca e-flex e-con-boxed e-con e-parent\" data-id=\"a7365ca\" data-element_type=\"container\" data-settings=\"{&quot;content_width&quot;:&quot;boxed&quot;}\" data-core-v316-plus=\"true\">\n\t\t\t\t\t<div class=\"e-con-inner\">\n\t\t\t\t\t<\/div>\n\t\t\t\t<\/div>\n\t\t<div class=\"elementor-element elementor-element-a0696da e-flex e-con-boxed e-con e-parent\" data-id=\"a0696da\" data-element_type=\"container\" data-settings=\"{&quot;content_width&quot;:&quot;boxed&quot;}\" data-core-v316-plus=\"true\">\n\t\t\t\t\t<div class=\"e-con-inner\">\n\t\t\t\t<div class=\"elementor-element elementor-element-09efd8f elementor-widget elementor-widget-text-editor\" data-id=\"09efd8f\" data-element_type=\"widget\" data-widget_type=\"text-editor.default\">\n\t\t\t\t<div class=\"elementor-widget-container\">\n\t\t\t<style>\/*! elementor - v3.16.0 - 20-09-2023 *\/\n.elementor-widget-text-editor.elementor-drop-cap-view-stacked .elementor-drop-cap{background-color:#69727d;color:#fff}.elementor-widget-text-editor.elementor-drop-cap-view-framed .elementor-drop-cap{color:#69727d;border:3px solid;background-color:transparent}.elementor-widget-text-editor:not(.elementor-drop-cap-view-default) .elementor-drop-cap{margin-top:8px}.elementor-widget-text-editor:not(.elementor-drop-cap-view-default) .elementor-drop-cap-letter{width:1em;height:1em}.elementor-widget-text-editor .elementor-drop-cap{float:left;text-align:center;line-height:1;font-size:50px}.elementor-widget-text-editor .elementor-drop-cap-letter{display:inline-block}<\/style>\t\t\t\t<p>Merhaba, Ben Sezer Ercan<\/p><p>IT Sorumlusu olarak uzun y\u0131llar s\u00fcren deneyimimle, bili\u015fim d\u00fcnyas\u0131n\u0131n her y\u00f6n\u00fcnde profesyonel bir destek sunuyorum. K\u0131saca kendimi ve kariyerimi tan\u0131tmak isterim.<\/p><p>E\u011fitimime, F\u0131nd\u0131kl\u0131 Rotary \u0130lk ve Ortaokulu&#8217;nda ba\u015flad\u0131m ve \u015ei\u015fli End\u00fcstri Meslek Lisesi&#8217;nde devam ettim. 2020 ve 2022 y\u0131llar\u0131 aras\u0131nda Atat\u00fcrk \u00dcniversitesi&#8217;nde Bilgisayar Programc\u0131l\u0131\u011f\u0131 \u00d6nlisans program\u0131n\u0131 ba\u015far\u0131yla tamamlad\u0131m. E\u011fitimim, bilgisayar teknolojilerine olan ilgimi daha da peki\u015ftirdi ve kariyerimin temellerini att\u0131.<\/p><p>Kariyerim boyunca, bir dizi farkl\u0131 pozisyonda \u00e7al\u0131\u015ft\u0131m ve \u00e7e\u015fitli beceriler kazand\u0131m. Helpdesk hizmetlerinden, bulut ve NAS yedekleme hizmetlerinin kurulumuna, web sitesi yap\u0131m\u0131ndan, firewall y\u00f6netimine kadar geni\u015f bir yelpazede deneyim sahibiyim. Ayr\u0131ca grafik tasar\u0131m, Windows ve Office bilgisi, hosting y\u00f6netimi, bilgisayar ve di\u011fer \u00e7evre birimleri kurulumu ve onar\u0131m\u0131 konular\u0131nda da uzmanl\u0131\u011fa sahibim.<\/p><p>Gelecekteki hedefim, IT sekt\u00f6r\u00fcnde daha fazla deneyim kazanmak ve bir firma i\u00e7in teknik destek s\u00fcre\u00e7lerinin her a\u015famas\u0131nda rol almak. Kariyerimde elde etti\u011fim en b\u00fcy\u00fck ba\u015far\u0131lar\u0131mdan biri, karma\u015f\u0131k teknik problemleri analiz etme yetene\u011fim ve do\u011fru sorular\u0131 sormam sonucu genel bilgi ve mant\u0131k kullanarak \u00e7\u00f6z\u00fcme kavu\u015fturmam oldu.<\/p><p>\u0130\u015fverenlerime, alan\u0131mdaki her t\u00fcrl\u00fc soruna h\u0131zl\u0131 ve etkili \u00e7\u00f6z\u00fcmler sunma taahh\u00fcd\u00fcm var. Tecr\u00fcbelerim ve farkl\u0131 bak\u0131\u015f a\u00e7\u0131lar\u0131m, mant\u0131kl\u0131 \u00e7\u00f6z\u00fcmler \u00fcretmemde bana yard\u0131mc\u0131 oluyor ve sistemlerin sorunsuz \u00e7al\u0131\u015fmas\u0131n\u0131 sa\u011flamak i\u00e7in d\u00fczenli kontrolleri s\u00fcrd\u00fcrme konusunda kararl\u0131y\u0131m.<\/p><p>Ki\u015fisel hedeflerim aras\u0131nda daha \u00f6zg\u00fcr bir \u00e7al\u0131\u015fma ortam\u0131 yaratmak, hem kendimi hem de \u00e7al\u0131\u015ft\u0131\u011f\u0131m kurumu daha sa\u011flam ve tecr\u00fcbeli hale getirmek yer al\u0131yor. Profesyonel hedeflerim aras\u0131nda ise bir IT ekibinin sorumlulu\u011funu \u00fcstlenmek var.<\/p><p>\u00c7al\u0131\u015fma yakla\u015f\u0131m\u0131m, mant\u0131kl\u0131 ve notlu takipli bir yedekleme sistemine dayan\u0131r ve bu prensipleri i\u015f hayat\u0131mda s\u0131k s\u0131k uygular\u0131m.<\/p><p>Ki\u015fisel ilgi alanlar\u0131m aras\u0131nda otomobiller ve teknolojik donan\u0131m bulunuyor. Bu ilgi alanlar\u0131m, bo\u015f zamanlar\u0131mda motivasyonumu ve enerjimi y\u00fckseltmek i\u00e7in beni \u015fekillendiriyor.<\/p><p>Sizlere bili\u015fim d\u00fcnyas\u0131ndaki deneyimlerimi ve bilgi birikimimi sunmaktan heyecan duyuyorum. Daha fazla bilgi edinmek veya i\u015fbirli\u011fi i\u00e7in l\u00fctfen benimle ileti\u015fime ge\u00e7in.<\/p><p><strong>Sezer Ercan<\/strong><\/p>\t\t\t\t\t\t<\/div>\n\t\t\t\t<\/div>\n\t\t\t\t\t<\/div>\n\t\t\t\t<\/div>\n\t\t\t\t\t\t\t<\/div>\n\t\t","protected":false},"excerpt":{"rendered":"<p>Hakk\u0131mda Merhaba, Ben Sezer Ercan IT Sorumlusu olarak uzun y\u0131llar s\u00fcren deneyimimle, bili\u015fim d\u00fcnyas\u0131n\u0131n her y\u00f6n\u00fcnde profesyonel bir destek sunuyorum. K\u0131saca kendimi ve kariyerimi tan\u0131tmak isterim. E\u011fitimime, F\u0131nd\u0131kl\u0131 Rotary \u0130lk ve Ortaokulu&#8217;nda ba\u015flad\u0131m ve \u015ei\u015fli End\u00fcstri Meslek Lisesi&#8217;nde devam ettim. 2020 ve 2022 y\u0131llar\u0131 aras\u0131nda Atat\u00fcrk \u00dcniversitesi&#8217;nde Bilgisayar Programc\u0131l\u0131\u011f\u0131 \u00d6nlisans program\u0131n\u0131 ba\u015far\u0131yla tamamlad\u0131m. E\u011fitimim, bilgisayar [&hellip;]<\/p>\n","protected":false},"author":1,"featured_media":0,"parent":0,"menu_order":0,"comment_status":"closed","ping_status":"closed","template":"","meta":{"footnotes":""},"class_list":["post-35","page","type-page","status-publish","hentry"],"_links":{"self":[{"href":"https:\/\/sezerercan.com.tr\/index.php?rest_route=\/wp\/v2\/pages\/35","targetHints":{"allow":["GET"]}}],"collection":[{"href":"https:\/\/sezerercan.com.tr\/index.php?rest_route=\/wp\/v2\/pages"}],"about":[{"href":"https:\/\/sezerercan.com.tr\/index.php?rest_route=\/wp\/v2\/types\/page"}],"author":[{"embeddable":true,"href":"https:\/\/sezerercan.com.tr\/index.php?rest_route=\/wp\/v2\/users\/1"}],"replies":[{"embeddable":true,"href":"https:\/\/sezerercan.com.tr\/index.php?rest_route=%2Fwp%2Fv2%2Fcomments&post=35"}],"version-history":[{"count":8,"href":"https:\/\/sezerercan.com.tr\/index.php?rest_route=\/wp\/v2\/pages\/35\/revisions"}],"predecessor-version":[{"id":184,"href":"https:\/\/sezerercan.com.tr\/index.php?rest_route=\/wp\/v2\/pages\/35\/revisions\/184"}],"wp:attachment":[{"href":"https:\/\/sezerercan.com.tr\/index.php?rest_route=%2Fwp%2Fv2%2Fmedia&parent=35"}],"curies":[{"name":"wp","href":"https:\/\/api.w.org\/{rel}","templated":true}]}}